{"id":1748,"date":"2022-02-18T14:03:18","date_gmt":"2022-02-18T14:03:18","guid":{"rendered":"https:\/\/www.patrick-breyer.de\/commentingtool\/public-participation-tool\/"},"modified":"2022-04-07T13:40:30","modified_gmt":"2022-04-07T13:40:30","slug":"public-participation-tool","status":"publish","type":"page","link":"https:\/\/www.patrick-breyer.de\/commentingtool\/public-participation-tool\/","title":{"rendered":"Beteilige dich an der ePrivacy-Reform!"},"content":{"rendered":"\n<h3><span style=\"color: #333333;\">Vertreter:innen von Parlament, Kommission und Rat verhandeln zurzeit \u00fcber die zuk\u00fcnftige ePrivacy-Verordnung der EU (mehr Infos: <a href=\"https:\/\/www.patrick-breyer.de\/eprivacy-verordnung\/\" target=\"_blank\" rel=\"noopener\">https:\/\/www.patrick-breyer.de\/eprivacy-verordnung\/<\/a>). Hier findest du eine Gegen\u00fcberstellung der Positionen der drei Institutionen und einen Vergleich zur geltenden Richtlinie. Bitte hilf uns bei den Verhandlungen, indem du Hinweise, Kommentare und Vorschl\u00e4ge zu den Textvorschl\u00e4gen machst. Deine Beitr\u00e4ge sind f\u00fcr unsere Verhandlungen wertvoll. Bitte beachte, dass Kompromisse zwischen den Positionen ausgehandelt werden und Erg\u00e4nzungen oder neue Aspekte in der Regel nicht eingebracht werden k\u00f6nnen. Bitte verwende die EU-Arbeitssprache Englisch<\/span><\/h3>\n\n<h3> <\/h3>\n\n<div style=\"height:20px\" aria-hidden=\"true\" class=\"wp-block-spacer\"><\/div>\n\n<div class=\"wp-container-1 wp-block-buttons\">\n<div class=\"wp-block-button\"><a class=\"wp-block-button__link\" href=\"https:\/\/www.patrick-breyer.de\/commentingtool\/public-participation-tool\/recitals\/\">Jetzt kommentieren<\/a><\/div>\n<\/div>\n\n<div style=\"height:30px\" aria-hidden=\"true\" class=\"wp-block-spacer\"><\/div>\n<div class=\"box-final-text\"><div>\n\n<h2 class=\"kt-adv-heading_f2b973-3f wp-block-kadence-advancedheading\" data-kb-block=\"kb-adv-heading_f2b973-3f\">Index<\/h2>\n\n\n\n<p><a href=\"https:\/\/www.patrick-breyer.de\/commentingtool\/public-participation-tool\/recitals\/\" data-type=\"page\" data-id=\"246\"><mark class=\"has-inline-color has-wpbf-palette-color-3-color\" style=\"background-color: rgba(0, 0, 0, 0);\">RECITALS<\/mark><\/a><\/p>\n\n\n<style id=\"kb-advancedheading_539f31-56\">#kt-adv-heading_539f31-56, #kt-adv-heading_539f31-56 .wp-block-kadence-advancedheading, .wp-block-kadence-advancedheading.kt-adv-heading_539f31-56[data-kb-block=\"kb-adv-heading_539f31-56\"], .kadence-advanced-heading-wrapper .kt-adv-heading_539f31-56[data-kb-block=\"kb-adv-heading_539f31-56\"]{margin-bottom:0px;}#kt-adv-heading_539f31-56 mark, #kt-adv-heading_539f31-56 .wp-block-kadence-advancedheading mark, .kt-adv-heading_539f31-56[data-kb-block=\"kb-adv-heading_539f31-56\"] mark{padding:0px 0px 0px 0px;}<\/style>\n<p class=\"kt-adv-heading_539f31-56 wp-block-kadence-advancedheading has-wpbf-palette-color-1-color has-text-color\" data-kb-block=\"kb-adv-heading_539f31-56\"><a href=\"https:\/\/www.patrick-breyer.de\/commentingtool\/public-participation-tool\/chapter-1\/\" data-type=\"page\" data-id=\"1469\"><mark class=\"has-inline-color has-wpbf-palette-color-3-color\" style=\"background-color: rgba(0, 0, 0, 0);\">CHAPTER I<\/mark><\/a><\/p>\n\n\n<style id=\"kb-advancedheading_30f68b-ca\">#kt-adv-heading_30f68b-ca, #kt-adv-heading_30f68b-ca .wp-block-kadence-advancedheading, .wp-block-kadence-advancedheading.kt-adv-heading_30f68b-ca[data-kb-block=\"kb-adv-heading_30f68b-ca\"], .kadence-advanced-heading-wrapper .kt-adv-heading_30f68b-ca[data-kb-block=\"kb-adv-heading_30f68b-ca\"]{margin-top:0px;}#kt-adv-heading_30f68b-ca mark, #kt-adv-heading_30f68b-ca .wp-block-kadence-advancedheading mark, .kt-adv-heading_30f68b-ca[data-kb-block=\"kb-adv-heading_30f68b-ca\"] mark{padding:0px 0px 0px 0px;}<\/style>\n<p class=\"kt-adv-heading_30f68b-ca wp-block-kadence-advancedheading has-wpbf-palette-color-1-color has-text-color\" data-kb-block=\"kb-adv-heading_30f68b-ca\"><a href=\"https:\/\/www.patrick-breyer.de\/commentingtool\/public-participation-tool\/chapter-1\/\" data-type=\"page\" data-id=\"1469\">GENERAL PROVISIONS<\/a><\/p>\n\n\n\n<ul><li>Article 1 &#8211; Subject matter<\/li><li>Article 2 &#8211; Material Scope<\/li><li>Article 3 &#8211; Territorial scope and representative<\/li><li>Article 4 &#8211; Definitions<\/li><li>Article 4a &#8211; Consent<\/li><\/ul>\n\n<style id=\"kb-advancedheading_6a5ec1-b4\">#kt-adv-heading_6a5ec1-b4, #kt-adv-heading_6a5ec1-b4 .wp-block-kadence-advancedheading, .wp-block-kadence-advancedheading.kt-adv-heading_6a5ec1-b4[data-kb-block=\"kb-adv-heading_6a5ec1-b4\"], .kadence-advanced-heading-wrapper .kt-adv-heading_6a5ec1-b4[data-kb-block=\"kb-adv-heading_6a5ec1-b4\"]{margin-bottom:0px;}#kt-adv-heading_6a5ec1-b4 mark, #kt-adv-heading_6a5ec1-b4 .wp-block-kadence-advancedheading mark, .kt-adv-heading_6a5ec1-b4[data-kb-block=\"kb-adv-heading_6a5ec1-b4\"] mark{padding:0px 0px 0px 0px;}<\/style>\n<p class=\"kt-adv-heading_6a5ec1-b4 wp-block-kadence-advancedheading has-wpbf-palette-color-1-color has-text-color\" data-kb-block=\"kb-adv-heading_6a5ec1-b4\"><a href=\"https:\/\/www.patrick-breyer.de\/commentingtool\/public-participation-tool\/chapter-2\/\" data-type=\"page\" data-id=\"1476\"><mark class=\"has-inline-color has-wpbf-palette-color-3-color\" style=\"background-color: rgba(0, 0, 0, 0);\">CHAPTER II<\/mark><\/a><\/p>\n\n\n<style id=\"kb-advancedheading_05505f-3f\">#kt-adv-heading_05505f-3f, #kt-adv-heading_05505f-3f .wp-block-kadence-advancedheading, .wp-block-kadence-advancedheading.kt-adv-heading_05505f-3f[data-kb-block=\"kb-adv-heading_05505f-3f\"], .kadence-advanced-heading-wrapper .kt-adv-heading_05505f-3f[data-kb-block=\"kb-adv-heading_05505f-3f\"]{margin-top:0px;margin-bottom:5px;}#kt-adv-heading_05505f-3f mark, #kt-adv-heading_05505f-3f .wp-block-kadence-advancedheading mark, .kt-adv-heading_05505f-3f[data-kb-block=\"kb-adv-heading_05505f-3f\"] mark{padding:0px 0px 0px 0px;}<\/style>\n<p class=\"kt-adv-heading_05505f-3f wp-block-kadence-advancedheading has-wpbf-palette-color-1-color has-text-color\" data-kb-block=\"kb-adv-heading_05505f-3f\"><a href=\"https:\/\/www.patrick-breyer.de\/commentingtool\/public-participation-tool\/chapter-2\/\" data-type=\"page\" data-id=\"1476\">PROTECTION OF ELECTRONIC COMMUNICATIONS OF NATURAL AND LEGAL PERSONS AND OF INFORMATION STORED IN THEIR TERMINAL EQUIPMENT<\/a><\/p>\n\n\n<style id=\"kb-advancedheading_ab48a7-f7\">#kt-adv-heading_ab48a7-f7 mark, #kt-adv-heading_ab48a7-f7 .wp-block-kadence-advancedheading mark, .kt-adv-heading_ab48a7-f7[data-kb-block=\"kb-adv-heading_ab48a7-f7\"] mark{padding:0px 0px 0px 0px;}<\/style>\n<p class=\"kt-adv-heading_ab48a7-f7 wp-block-kadence-advancedheading has-wpbf-palette-color-1-color has-text-color\" data-kb-block=\"kb-adv-heading_ab48a7-f7\"><a href=\"https:\/\/www.patrick-breyer.de\/commentingtool\/public-participation-tool\/chapter-2\/\" data-type=\"page\" data-id=\"1476\">PROTECTION OF ELECTRONIC COMMUNICATIONS OF NATURAL AND LEGAL PERSONS AND OF INFORMATION PROCESSED BY AND RELATED TO THEIR TERMINAL EQUIPMENT<\/a><\/p>\n\n\n\n<ul><li>Article 5<ul><li>Confidentiality of electronic communications data<\/li><li>Confidentiality of electronic communications<\/li><\/ul><\/li><li>Article 6<ul><li>Permitted processing of electronic communications data<\/li><li>Lawful processing of electronic communications data<\/li><\/ul><\/li><li>Article 6a [previous art. 6(3)] Permitted processing of electronic communications content<\/li><li>Article 6b [previous art 6(2)] Permitted processing of electronic communications metadata<\/li><li>Article 6c [Previous art 6(2a)] Compatible processing of electronic communications metadata<\/li><li>Article 6d &#8211; Processing of electronic communications data for the purpose of preventing child sexual abuse<\/li><li>Article 7 &#8211; Storage and erasure of electronic communications data<\/li><li>Article 8 &#8211; Protection of information stored in and related to end-users\u2019 terminal equipment<\/li><li>Article 8 &#8211; Protection of information transmitted to, stored in and related to processed by and collected from users\u2019 terminal equipment<\/li><li>Article 8 &#8211; Protection of end-users&#8216; terminal equipment information<\/li><li>Article 9 &#8211; Consent<\/li><li>Article 10 &#8211; Information and options for privacy settings to be provided<\/li><li>Article 11a -Restrictions on the rights of the user<\/li><li>Article 11b &#8211; Restrictions on confidentiality of communications<\/li><li>Article 11 c &#8211; Documentation and reporting of restrictions<\/li><\/ul>\n\n<style id=\"kb-advancedheading_f30493-4e\">#kt-adv-heading_f30493-4e, #kt-adv-heading_f30493-4e .wp-block-kadence-advancedheading, .wp-block-kadence-advancedheading.kt-adv-heading_f30493-4e[data-kb-block=\"kb-adv-heading_f30493-4e\"], .kadence-advanced-heading-wrapper .kt-adv-heading_f30493-4e[data-kb-block=\"kb-adv-heading_f30493-4e\"]{margin-bottom:0px;}#kt-adv-heading_f30493-4e mark, #kt-adv-heading_f30493-4e .wp-block-kadence-advancedheading mark, .kt-adv-heading_f30493-4e[data-kb-block=\"kb-adv-heading_f30493-4e\"] mark{padding:0px 0px 0px 0px;}<\/style>\n<p class=\"kt-adv-heading_f30493-4e wp-block-kadence-advancedheading has-wpbf-palette-color-1-color has-text-color\" data-kb-block=\"kb-adv-heading_f30493-4e\"><a href=\"https:\/\/www.patrick-breyer.de\/commentingtool\/public-participation-tool\/chapter-3\/\" data-type=\"page\" data-id=\"1481\"><mark class=\"has-inline-color has-wpbf-palette-color-3-color\" style=\"background-color: rgba(0, 0, 0, 0);\">CHAPTER I<\/mark>II<\/a><\/p>\n\n\n<style id=\"kb-advancedheading_71f9a7-bd\">#kt-adv-heading_71f9a7-bd, #kt-adv-heading_71f9a7-bd .wp-block-kadence-advancedheading, .wp-block-kadence-advancedheading.kt-adv-heading_71f9a7-bd[data-kb-block=\"kb-adv-heading_71f9a7-bd\"], .kadence-advanced-heading-wrapper .kt-adv-heading_71f9a7-bd[data-kb-block=\"kb-adv-heading_71f9a7-bd\"]{margin-top:0px;margin-bottom:0px;}#kt-adv-heading_71f9a7-bd mark, #kt-adv-heading_71f9a7-bd .wp-block-kadence-advancedheading mark, .kt-adv-heading_71f9a7-bd[data-kb-block=\"kb-adv-heading_71f9a7-bd\"] mark{padding:0px 0px 0px 0px;}<\/style>\n<p class=\"kt-adv-heading_71f9a7-bd wp-block-kadence-advancedheading has-wpbf-palette-color-1-color has-text-color\" data-kb-block=\"kb-adv-heading_71f9a7-bd\"><a href=\"https:\/\/www.patrick-breyer.de\/commentingtool\/public-participation-tool\/chapter-3\/\" data-type=\"page\" data-id=\"1481\">NATURAL AND LEGAL PERSONS&#8216; RIGHTS TO CONTROL ELECTRONIC COMMUNICATIONS<\/a><\/p>\n\n\n<style id=\"kb-advancedheading_cc7fed-1d\">#kt-adv-heading_cc7fed-1d, #kt-adv-heading_cc7fed-1d .wp-block-kadence-advancedheading, .wp-block-kadence-advancedheading.kt-adv-heading_cc7fed-1d[data-kb-block=\"kb-adv-heading_cc7fed-1d\"], .kadence-advanced-heading-wrapper .kt-adv-heading_cc7fed-1d[data-kb-block=\"kb-adv-heading_cc7fed-1d\"]{margin-top:0px;}#kt-adv-heading_cc7fed-1d mark, #kt-adv-heading_cc7fed-1d .wp-block-kadence-advancedheading mark, .kt-adv-heading_cc7fed-1d[data-kb-block=\"kb-adv-heading_cc7fed-1d\"] mark{padding:0px 0px 0px 0px;}<\/style>\n<p class=\"kt-adv-heading_cc7fed-1d wp-block-kadence-advancedheading has-wpbf-palette-color-1-color has-text-color\" data-kb-block=\"kb-adv-heading_cc7fed-1d\"><a href=\"https:\/\/www.patrick-breyer.de\/commentingtool\/public-participation-tool\/chapter-3\/\" data-type=\"page\" data-id=\"1481\">END-USERS&#8216; RIGHTS TO CONTROL ELECTRONIC COMMUNICATIONS<\/a><\/p>\n\n\n\n<ul><li>Article 12 &#8211; Presentation and restriction of calling and connected line identification<\/li><li>Article 13 -Exceptions to presentation and restriction of calling and connected line identification<\/li><li>\u2026 in relation to emergency communications<\/li><li>Article 14 &#8211; Incoming call blocking<\/li><li>Article 14 Blocking Unwanted, malicious or nuisance calls<\/li><li>Article 15 &#8211; Publicly available directories<\/li><li>Article 16 &#8211; Unsolicited communications<\/li><li>Article 16 &#8211; Unsolicited and direct marketing communications<\/li><li>Article 17 &#8211; Information about detected security risks<\/li><\/ul>\n\n<style id=\"kb-advancedheading_fe3d18-bb2\">#kt-adv-heading_fe3d18-bb2, #kt-adv-heading_fe3d18-bb2 .wp-block-kadence-advancedheading, .wp-block-kadence-advancedheading.kt-adv-heading_fe3d18-bb2[data-kb-block=\"kb-adv-heading_fe3d18-bb2\"], .kadence-advanced-heading-wrapper .kt-adv-heading_fe3d18-bb2[data-kb-block=\"kb-adv-heading_fe3d18-bb2\"]{margin-bottom:0px;}#kt-adv-heading_fe3d18-bb2 mark, #kt-adv-heading_fe3d18-bb2 .wp-block-kadence-advancedheading mark, .kt-adv-heading_fe3d18-bb2[data-kb-block=\"kb-adv-heading_fe3d18-bb2\"] mark{padding:0px 0px 0px 0px;}<\/style>\n<p class=\"kt-adv-heading_fe3d18-bb2 wp-block-kadence-advancedheading has-wpbf-palette-color-1-color has-text-color\" data-kb-block=\"kb-adv-heading_fe3d18-bb2\"><a href=\"https:\/\/www.patrick-breyer.de\/commentingtool\/public-participation-tool\/chapter-4\/\" data-type=\"page\" data-id=\"1754\"><mark class=\"has-inline-color has-wpbf-palette-color-3-color\" style=\"background-color: rgba(0, 0, 0, 0);\">CHAPTER IV<\/mark><\/a><\/p>\n\n\n<style id=\"kb-advancedheading_75b992-f8\">#kt-adv-heading_75b992-f8, #kt-adv-heading_75b992-f8 .wp-block-kadence-advancedheading, .wp-block-kadence-advancedheading.kt-adv-heading_75b992-f8[data-kb-block=\"kb-adv-heading_75b992-f8\"], .kadence-advanced-heading-wrapper .kt-adv-heading_75b992-f8[data-kb-block=\"kb-adv-heading_75b992-f8\"]{margin-top:0px;}#kt-adv-heading_75b992-f8 mark, #kt-adv-heading_75b992-f8 .wp-block-kadence-advancedheading mark, .kt-adv-heading_75b992-f8[data-kb-block=\"kb-adv-heading_75b992-f8\"] mark{padding:0px 0px 0px 0px;}<\/style>\n<p class=\"kt-adv-heading_75b992-f8 wp-block-kadence-advancedheading has-wpbf-palette-color-1-color has-text-color\" data-kb-block=\"kb-adv-heading_75b992-f8\"><a href=\"https:\/\/www.patrick-breyer.de\/commentingtool\/public-participation-tool\/chapter-4\/\" data-type=\"page\" data-id=\"1487\">INDEPENDENT SUPERVISORY AUTHORITIES AND ENFORCEMENT<\/a><\/p>\n\n\n\n<ul><li>Article 18 &#8211; Independent supervisory authorities<\/li><li>Article 18 &#8211; Supervisory authorities<\/li><li>Article 19 &#8211; European Data Protection Board<\/li><li>Article 20 &#8211; Cooperation and consistency procedures<\/li><li>Article 20 &#8211; Cross-border cooperation 147<\/li><\/ul>\n\n<style id=\"kb-advancedheading_e9f805-364\">#kt-adv-heading_e9f805-364, #kt-adv-heading_e9f805-364 .wp-block-kadence-advancedheading, .wp-block-kadence-advancedheading.kt-adv-heading_e9f805-364[data-kb-block=\"kb-adv-heading_e9f805-364\"], .kadence-advanced-heading-wrapper .kt-adv-heading_e9f805-364[data-kb-block=\"kb-adv-heading_e9f805-364\"]{margin-bottom:0px;}#kt-adv-heading_e9f805-364 mark, #kt-adv-heading_e9f805-364 .wp-block-kadence-advancedheading mark, .kt-adv-heading_e9f805-364[data-kb-block=\"kb-adv-heading_e9f805-364\"] mark{padding:0px 0px 0px 0px;}<\/style>\n<p class=\"kt-adv-heading_e9f805-364 wp-block-kadence-advancedheading has-wpbf-palette-color-1-color has-text-color\" data-kb-block=\"kb-adv-heading_e9f805-364\"><a href=\"https:\/\/www.patrick-breyer.de\/commentingtool\/public-participation-tool\/chapter-5\/\" data-type=\"page\" data-id=\"1493\"><mark class=\"has-inline-color has-wpbf-palette-color-3-color\" style=\"background-color: rgba(0, 0, 0, 0);\">CHAPTER V<\/mark><\/a><\/p>\n\n\n<style id=\"kb-advancedheading_34e485-6f\">#kt-adv-heading_34e485-6f, #kt-adv-heading_34e485-6f .wp-block-kadence-advancedheading, .wp-block-kadence-advancedheading.kt-adv-heading_34e485-6f[data-kb-block=\"kb-adv-heading_34e485-6f\"], .kadence-advanced-heading-wrapper .kt-adv-heading_34e485-6f[data-kb-block=\"kb-adv-heading_34e485-6f\"]{margin-top:0px;}#kt-adv-heading_34e485-6f mark, #kt-adv-heading_34e485-6f .wp-block-kadence-advancedheading mark, .kt-adv-heading_34e485-6f[data-kb-block=\"kb-adv-heading_34e485-6f\"] mark{padding:0px 0px 0px 0px;}<\/style>\n<p class=\"kt-adv-heading_34e485-6f wp-block-kadence-advancedheading has-wpbf-palette-color-1-color has-text-color\" data-kb-block=\"kb-adv-heading_34e485-6f\"><a href=\"https:\/\/www.patrick-breyer.de\/commentingtool\/public-participation-tool\/chapter-5\/\" data-type=\"page\" data-id=\"1493\">REMEDIES, LIABILITY AND PENALTIES<\/a><\/p>\n\n\n\n<ul><li>Article 21 &#8211; Remedies<\/li><li>Article 23 &#8211; General conditions for imposing administrative fines<\/li><li>Article 24 &#8211; Penalties<\/li><\/ul>\n\n<style id=\"kb-advancedheading_8552fa-fe\">#kt-adv-heading_8552fa-fe, #kt-adv-heading_8552fa-fe .wp-block-kadence-advancedheading, .wp-block-kadence-advancedheading.kt-adv-heading_8552fa-fe[data-kb-block=\"kb-adv-heading_8552fa-fe\"], .kadence-advanced-heading-wrapper .kt-adv-heading_8552fa-fe[data-kb-block=\"kb-adv-heading_8552fa-fe\"]{margin-bottom:0px;}#kt-adv-heading_8552fa-fe mark, #kt-adv-heading_8552fa-fe .wp-block-kadence-advancedheading mark, .kt-adv-heading_8552fa-fe[data-kb-block=\"kb-adv-heading_8552fa-fe\"] mark{padding:0px 0px 0px 0px;}<\/style>\n<p class=\"kt-adv-heading_8552fa-fe wp-block-kadence-advancedheading has-wpbf-palette-color-1-color has-text-color\" data-kb-block=\"kb-adv-heading_8552fa-fe\"><a href=\"https:\/\/www.patrick-breyer.de\/commentingtool\/public-participation-tool\/chapter-6\/\" data-type=\"page\" data-id=\"1498\"><mark class=\"has-inline-color has-wpbf-palette-color-3-color\" style=\"background-color: rgba(0, 0, 0, 0);\">CHAPTER VI<\/mark><\/a><\/p>\n\n\n<style id=\"kb-advancedheading_54e446-f2\">#kt-adv-heading_54e446-f2, #kt-adv-heading_54e446-f2 .wp-block-kadence-advancedheading, .wp-block-kadence-advancedheading.kt-adv-heading_54e446-f2[data-kb-block=\"kb-adv-heading_54e446-f2\"], .kadence-advanced-heading-wrapper .kt-adv-heading_54e446-f2[data-kb-block=\"kb-adv-heading_54e446-f2\"]{margin-top:0px;}#kt-adv-heading_54e446-f2 mark, #kt-adv-heading_54e446-f2 .wp-block-kadence-advancedheading mark, .kt-adv-heading_54e446-f2[data-kb-block=\"kb-adv-heading_54e446-f2\"] mark{padding:0px 0px 0px 0px;}<\/style>\n<p class=\"kt-adv-heading_54e446-f2 wp-block-kadence-advancedheading has-wpbf-palette-color-1-color has-text-color\" data-kb-block=\"kb-adv-heading_54e446-f2\"><a href=\"https:\/\/www.patrick-breyer.de\/commentingtool\/public-participation-tool\/chapter-6\/\" data-type=\"page\" data-id=\"1498\">DELEGATED ACTS AND IMPLEMENTING ACTS<\/a><\/p>\n\n\n\n<ul><li>Article 25 &#8211; Exercise of the delegation<\/li><li>Article 26 &#8211; Committee<\/li><\/ul>\n\n<style id=\"kb-advancedheading_f43ad0-f8\">#kt-adv-heading_f43ad0-f8, #kt-adv-heading_f43ad0-f8 .wp-block-kadence-advancedheading, .wp-block-kadence-advancedheading.kt-adv-heading_f43ad0-f8[data-kb-block=\"kb-adv-heading_f43ad0-f8\"], .kadence-advanced-heading-wrapper .kt-adv-heading_f43ad0-f8[data-kb-block=\"kb-adv-heading_f43ad0-f8\"]{margin-bottom:0px;}#kt-adv-heading_f43ad0-f8 mark, #kt-adv-heading_f43ad0-f8 .wp-block-kadence-advancedheading mark, .kt-adv-heading_f43ad0-f8[data-kb-block=\"kb-adv-heading_f43ad0-f8\"] mark{padding:0px 0px 0px 0px;}<\/style>\n<p class=\"kt-adv-heading_f43ad0-f8 wp-block-kadence-advancedheading has-wpbf-palette-color-1-color has-text-color\" data-kb-block=\"kb-adv-heading_f43ad0-f8\"><a href=\"https:\/\/www.patrick-breyer.de\/commentingtool\/public-participation-tool\/chapter-7\/\" data-type=\"page\" data-id=\"1502\"><mark class=\"has-inline-color has-wpbf-palette-color-3-color\" style=\"background-color: rgba(0, 0, 0, 0);\">CHAPTER VII<\/mark><\/a><\/p>\n\n\n<style id=\"kb-advancedheading_c51590-78\">#kt-adv-heading_c51590-78, #kt-adv-heading_c51590-78 .wp-block-kadence-advancedheading, .wp-block-kadence-advancedheading.kt-adv-heading_c51590-78[data-kb-block=\"kb-adv-heading_c51590-78\"], .kadence-advanced-heading-wrapper .kt-adv-heading_c51590-78[data-kb-block=\"kb-adv-heading_c51590-78\"]{margin-top:0px;}#kt-adv-heading_c51590-78 mark, #kt-adv-heading_c51590-78 .wp-block-kadence-advancedheading mark, .kt-adv-heading_c51590-78[data-kb-block=\"kb-adv-heading_c51590-78\"] mark{padding:0px 0px 0px 0px;}<\/style>\n<p class=\"kt-adv-heading_c51590-78 wp-block-kadence-advancedheading has-wpbf-palette-color-1-color has-text-color\" data-kb-block=\"kb-adv-heading_c51590-78\"><a href=\"https:\/\/www.patrick-breyer.de\/commentingtool\/public-participation-tool\/chapter-7\/\" data-type=\"page\" data-id=\"1502\">FINAL PROVISIONS<\/a><\/p>\n\n\n\n<ul><li>Article 27 &#8211; Repeal<\/li><li>Article 28 &#8211; Monitoring and evaluation clause<\/li><\/ul>\n<\/div><\/div>","protected":false},"excerpt":{"rendered":"<p>Vertreter:innen von Parlament, Kommission und Rat verhandeln zurzeit \u00fcber die zuk\u00fcnftige ePrivacy-Verordnung der EU (mehr Infos: https:\/\/www.patrick-breyer.de\/eprivacy-verordnung\/). Hier findest du eine Gegen\u00fcberstellung der Positionen der drei Institutionen und einen Vergleich zur geltenden Richtlinie. Bitte hilf uns bei den Verhandlungen, indem du Hinweise, Kommentare und Vorschl\u00e4ge zu den Textvorschl\u00e4gen machst. Deine Beitr\u00e4ge sind f\u00fcr unsere Verhandlungen [&hellip;]<\/p>\n","protected":false},"author":9,"featured_media":0,"parent":0,"menu_order":0,"comment_status":"closed","ping_status":"closed","template":"","meta":[],"acf":[],"_links":{"self":[{"href":"https:\/\/www.patrick-breyer.de\/commentingtool\/wp-json\/wp\/v2\/pages\/1748"}],"collection":[{"href":"https:\/\/www.patrick-breyer.de\/commentingtool\/wp-json\/wp\/v2\/pages"}],"about":[{"href":"https:\/\/www.patrick-breyer.de\/commentingtool\/wp-json\/wp\/v2\/types\/page"}],"author":[{"embeddable":true,"href":"https:\/\/www.patrick-breyer.de\/commentingtool\/wp-json\/wp\/v2\/users\/9"}],"replies":[{"embeddable":true,"href":"https:\/\/www.patrick-breyer.de\/commentingtool\/wp-json\/wp\/v2\/comments?post=1748"}],"version-history":[{"count":43,"href":"https:\/\/www.patrick-breyer.de\/commentingtool\/wp-json\/wp\/v2\/pages\/1748\/revisions"}],"predecessor-version":[{"id":2259,"href":"https:\/\/www.patrick-breyer.de\/commentingtool\/wp-json\/wp\/v2\/pages\/1748\/revisions\/2259"}],"wp:attachment":[{"href":"https:\/\/www.patrick-breyer.de\/commentingtool\/wp-json\/wp\/v2\/media?parent=1748"}],"curies":[{"name":"wp","href":"https:\/\/api.w.org\/{rel}","templated":true}]}}